{"id":8,"date":"2019-09-28T17:06:48","date_gmt":"2019-09-28T15:06:48","guid":{"rendered":"http:\/\/arneauplomberie.fr\/?page_id=8"},"modified":"2019-12-16T13:24:05","modified_gmt":"2019-12-16T12:24:05","slug":"accueil","status":"publish","type":"page","link":"https:\/\/arneauplomberie.fr\/","title":{"rendered":"Accueil"},"content":{"rendered":"\n<p><em>Je r\u00e9alise tous les travaux de cr\u00e9ation, d\u00e9pannage et r\u00e9novation en plomberie, installation et entretien de chauffage et VMC dans le bassin rennais.&nbsp;<\/em><\/p>\n\n\n\n<p><strong><em>N\u2019h\u00e9sitez pas \u00e0 me demander conseil pour vos souhaits d\u2019am\u00e9nagement et de r\u00e9novation!<\/em><\/strong><\/p>\n\n\n\n<div class=\"wp-block-group\"><div class=\"wp-block-group__inner-container is-layout-flow wp-block-group-is-layout-flow\">\n<figure class=\"wp-block-image size-large is-style-circle-mask\"><img loading=\"lazy\" decoding=\"async\" width=\"1024\" height=\"861\" src=\"https:\/\/arneauplomberie.fr\/wp-content\/uploads\/2019\/12\/Paroi-vitr\u00e9e-et-fa\u00efence-noire-Arneau-plomberie-lHermitage-1024x861.jpg\" alt=\"\" class=\"wp-image-251\" srcset=\"https:\/\/arneauplomberie.fr\/wp-content\/uploads\/2019\/12\/Paroi-vitr\u00e9e-et-fa\u00efence-noire-Arneau-plomberie-lHermitage-1024x861.jpg 1024w, https:\/\/arneauplomberie.fr\/wp-content\/uploads\/2019\/12\/Paroi-vitr\u00e9e-et-fa\u00efence-noire-Arneau-plomberie-lHermitage-300x252.jpg 300w, https:\/\/arneauplomberie.fr\/wp-content\/uploads\/2019\/12\/Paroi-vitr\u00e9e-et-fa\u00efence-noire-Arneau-plomberie-lHermitage-768x646.jpg 768w, https:\/\/arneauplomberie.fr\/wp-content\/uploads\/2019\/12\/Paroi-vitr\u00e9e-et-fa\u00efence-noire-Arneau-plomberie-lHermitage-1536x1291.jpg 1536w, https:\/\/arneauplomberie.fr\/wp-content\/uploads\/2019\/12\/Paroi-vitr\u00e9e-et-fa\u00efence-noire-Arneau-plomberie-lHermitage-2048x1722.jpg 2048w\" sizes=\"auto, (max-width: 706px) 89vw, (max-width: 767px) 82vw, 740px\" \/><\/figure>\n<\/div><\/div>\n","protected":false},"excerpt":{"rendered":"<p>Je r\u00e9alise tous les travaux de cr\u00e9ation, d\u00e9pannage et r\u00e9novation en plomberie, installation et entretien de chauffage et VMC dans le bassin rennais.&nbsp; N\u2019h\u00e9sitez pas \u00e0 me demander conseil pour vos souhaits d\u2019am\u00e9nagement et de r\u00e9novation!<\/p>\n","protected":false},"author":1,"featured_media":0,"parent":0,"menu_order":0,"comment_status":"closed","ping_status":"closed","template":"","meta":{"footnotes":""},"class_list":["post-8","page","type-page","status-publish","hentry"],"aioseo_notices":[],"_links":{"self":[{"href":"https:\/\/arneauplomberie.fr\/index.php?rest_route=\/wp\/v2\/pages\/8","targetHints":{"allow":["GET"]}}],"collection":[{"href":"https:\/\/arneauplomberie.fr\/index.php?rest_route=\/wp\/v2\/pages"}],"about":[{"href":"https:\/\/arneauplomberie.fr\/index.php?rest_route=\/wp\/v2\/types\/page"}],"author":[{"embeddable":true,"href":"https:\/\/arneauplomberie.fr\/index.php?rest_route=\/wp\/v2\/users\/1"}],"replies":[{"embeddable":true,"href":"https:\/\/arneauplomberie.fr\/index.php?rest_route=%2Fwp%2Fv2%2Fcomments&post=8"}],"version-history":[{"count":8,"href":"https:\/\/arneauplomberie.fr\/index.php?rest_route=\/wp\/v2\/pages\/8\/revisions"}],"predecessor-version":[{"id":268,"href":"https:\/\/arneauplomberie.fr\/index.php?rest_route=\/wp\/v2\/pages\/8\/revisions\/268"}],"wp:attachment":[{"href":"https:\/\/arneauplomberie.fr\/index.php?rest_route=%2Fwp%2Fv2%2Fmedia&parent=8"}],"curies":[{"name":"wp","href":"https:\/\/api.w.org\/{rel}","templated":true}]}}